{"id":1067,"date":"2024-11-16T18:22:23","date_gmt":"2024-11-16T17:22:23","guid":{"rendered":"https:\/\/www.bm-tech.de\/?page_id=1067"},"modified":"2025-02-02T17:32:12","modified_gmt":"2025-02-02T16:32:12","slug":"news","status":"publish","type":"page","link":"https:\/\/www.bm-tech.de\/en\/news\/","title":{"rendered":"News"},"content":{"rendered":"\t\t<div data-elementor-type=\"wp-page\" data-elementor-id=\"1067\" class=\"elementor elementor-1067\" data-elementor-post-type=\"page\">\n\t\t\t\t<div class=\"elementor-element elementor-element-2e9c7172 e-flex e-con-boxed e-con e-parent\" data-id=\"2e9c7172\" data-element_type=\"container\" data-e-type=\"container\" data-settings=\"{&quot;background_background&quot;:&quot;classic&quot;,&quot;shape_divider_bottom&quot;:&quot;tilt&quot;}\">\n\t\t\t\t\t<div class=\"e-con-inner\">\n\t\t\t\t<div class=\"elementor-shape elementor-shape-bottom\" aria-hidden=\"true\" data-negative=\"false\">\n\t\t\t<svg xmlns=\"http:\/\/www.w3.org\/2000\/svg\" viewBox=\"0 0 1000 100\" preserveAspectRatio=\"none\">\n\t<path class=\"elementor-shape-fill\" d=\"M0,6V0h1000v100L0,6z\"\/>\n<\/svg>\t\t<\/div>\n\t\t\t\t<div class=\"elementor-element elementor-element-26bbed78 elementor-widget elementor-widget-heading\" data-id=\"26bbed78\" data-element_type=\"widget\" data-e-type=\"widget\" data-settings=\"{&quot;motion_fx_motion_fx_scrolling&quot;:&quot;yes&quot;,&quot;motion_fx_translateX_effect&quot;:&quot;yes&quot;,&quot;motion_fx_translateX_direction&quot;:&quot;negative&quot;,&quot;motion_fx_devices&quot;:[&quot;desktop&quot;,&quot;tablet&quot;],&quot;motion_fx_translateX_speed&quot;:{&quot;unit&quot;:&quot;px&quot;,&quot;size&quot;:4,&quot;sizes&quot;:[]},&quot;motion_fx_translateX_affectedRange&quot;:{&quot;unit&quot;:&quot;%&quot;,&quot;size&quot;:&quot;&quot;,&quot;sizes&quot;:{&quot;start&quot;:0,&quot;end&quot;:100}}}\" data-widget_type=\"heading.default\">\n\t\t\t\t<div class=\"elementor-widget-container\">\n\t\t\t\t\t<h2 class=\"elementor-heading-title elementor-size-default\">NEUIGKEITEN<\/h2>\t\t\t\t<\/div>\n\t\t\t\t<\/div>\n\t\t\t\t\t<\/div>\n\t\t\t\t<\/div>\n\t\t<div class=\"elementor-element elementor-element-47637185 e-flex e-con-boxed e-con e-parent\" data-id=\"47637185\" data-element_type=\"container\" data-e-type=\"container\">\n\t\t\t\t\t<div class=\"e-con-inner\">\n\t\t\t\t<div class=\"elementor-element elementor-element-5e8495da text-underlined elementor-widget elementor-widget-heading\" data-id=\"5e8495da\" data-element_type=\"widget\" data-e-type=\"widget\" data-widget_type=\"heading.default\">\n\t\t\t\t<div class=\"elementor-widget-container\">\n\t\t\t\t\t<h3 class=\"elementor-heading-title elementor-size-default\">Aktuelles von BM-TECH<\/h3>\t\t\t\t<\/div>\n\t\t\t\t<\/div>\n\t\t\t\t<div class=\"elementor-element elementor-element-ce6e1d4 elementor-grid-1 elementor-grid-tablet-1 elementor-posts--thumbnail-left elementor-grid-mobile-1 elementor-widget elementor-widget-posts\" data-id=\"ce6e1d4\" data-element_type=\"widget\" data-e-type=\"widget\" data-settings=\"{&quot;classic_columns&quot;:&quot;1&quot;,&quot;classic_columns_tablet&quot;:&quot;1&quot;,&quot;classic_columns_mobile&quot;:&quot;1&quot;,&quot;classic_row_gap&quot;:{&quot;unit&quot;:&quot;px&quot;,&quot;size&quot;:35,&quot;sizes&quot;:[]},&quot;classic_row_gap_tablet&quot;:{&quot;unit&quot;:&quot;px&quot;,&quot;size&quot;:&quot;&quot;,&quot;sizes&quot;:[]},&quot;classic_row_gap_mobile&quot;:{&quot;unit&quot;:&quot;px&quot;,&quot;size&quot;:&quot;&quot;,&quot;sizes&quot;:[]}}\" data-widget_type=\"posts.classic\">\n\t\t\t\t<div class=\"elementor-widget-container\">\n\t\t\t\t\t\t\t<div class=\"elementor-posts-container elementor-posts elementor-posts--skin-classic elementor-grid\" role=\"list\">\n\t\t\t\t<article class=\"elementor-post elementor-grid-item post-1116 post type-post status-publish format-standard has-post-thumbnail hentry category-allgemein\" role=\"listitem\">\n\t\t\t\t<a class=\"elementor-post__thumbnail__link\" href=\"https:\/\/www.bm-tech.de\/en\/bm-tech-group\/\" tabindex=\"-1\" >\n\t\t\t<div class=\"elementor-post__thumbnail\"><img fetchpriority=\"high\" decoding=\"async\" width=\"521\" height=\"522\" src=\"https:\/\/www.bm-tech.de\/wp-content\/uploads\/2025\/01\/10-Jahre-BM-Tech.jpg\" class=\"attachment-large size-large wp-image-1118\" alt=\"\" srcset=\"https:\/\/www.bm-tech.de\/wp-content\/uploads\/2025\/01\/10-Jahre-BM-Tech.jpg 521w, https:\/\/www.bm-tech.de\/wp-content\/uploads\/2025\/01\/10-Jahre-BM-Tech-300x300.jpg 300w, https:\/\/www.bm-tech.de\/wp-content\/uploads\/2025\/01\/10-Jahre-BM-Tech-150x150.jpg 150w, https:\/\/www.bm-tech.de\/wp-content\/uploads\/2025\/01\/10-Jahre-BM-Tech-12x12.jpg 12w\" sizes=\"(max-width: 521px) 100vw, 521px\" \/><\/div>\n\t\t<\/a>\n\t\t\t\t<div class=\"elementor-post__text\">\n\t\t\t\t<h3 class=\"elementor-post__title\">\n\t\t\t<a href=\"https:\/\/www.bm-tech.de\/en\/bm-tech-group\/\" >\n\t\t\t\tBM-Tech Group\t\t\t<\/a>\n\t\t<\/h3>\n\t\t\t\t<div class=\"elementor-post__meta-data\">\n\t\t\t\t\t<span class=\"elementor-post-date\">\n\t\t\t23. January 2025\t\t<\/span>\n\t\t\t\t<\/div>\n\t\t\t\t<div class=\"elementor-post__excerpt\">\n\t\t\t<p>Ihr Partner f\u00fcr innovative und praxiserprobte Engineering-L\u00f6sungen Leistungen: Warum BM-Tech? \ud83c\udf0d International t\u00e4tig: Europa und USA\ud83d\udd27 Hochqualifizierte Ingenieure\ud83d\udcb0 Attraktiver Stundensatz: ab 69 \u20ac\/h Kontaktieren Sie<\/p>\n\t\t<\/div>\n\t\t\n\t\t<a class=\"elementor-post__read-more\" href=\"https:\/\/www.bm-tech.de\/en\/bm-tech-group\/\" aria-label=\"Read more about BM-Tech Group\" tabindex=\"-1\" >\n\t\t\tWeiterlesen \u00bb\t\t<\/a>\n\n\t\t\t\t<\/div>\n\t\t\t\t<\/article>\n\t\t\t\t<article class=\"elementor-post elementor-grid-item post-1092 post type-post status-publish format-standard has-post-thumbnail hentry category-allgemein\" role=\"listitem\">\n\t\t\t\t<a class=\"elementor-post__thumbnail__link\" href=\"https:\/\/www.bm-tech.de\/en\/frohe-weihnachten\/\" tabindex=\"-1\" >\n\t\t\t<div class=\"elementor-post__thumbnail\"><img decoding=\"async\" width=\"426\" height=\"640\" src=\"https:\/\/www.bm-tech.de\/wp-content\/uploads\/2024\/12\/weihnachten.jpg\" class=\"attachment-large size-large wp-image-1094\" alt=\"\" srcset=\"https:\/\/www.bm-tech.de\/wp-content\/uploads\/2024\/12\/weihnachten.jpg 426w, https:\/\/www.bm-tech.de\/wp-content\/uploads\/2024\/12\/weihnachten-200x300.jpg 200w, https:\/\/www.bm-tech.de\/wp-content\/uploads\/2024\/12\/weihnachten-8x12.jpg 8w\" sizes=\"(max-width: 426px) 100vw, 426px\" \/><\/div>\n\t\t<\/a>\n\t\t\t\t<div class=\"elementor-post__text\">\n\t\t\t\t<h3 class=\"elementor-post__title\">\n\t\t\t<a href=\"https:\/\/www.bm-tech.de\/en\/frohe-weihnachten\/\" >\n\t\t\t\tFrohe Weihnachten und ein gutes Neues Jahr\t\t\t<\/a>\n\t\t<\/h3>\n\t\t\t\t<div class=\"elementor-post__meta-data\">\n\t\t\t\t\t<span class=\"elementor-post-date\">\n\t\t\t15. December 2024\t\t<\/span>\n\t\t\t\t<\/div>\n\t\t\t\t<div class=\"elementor-post__excerpt\">\n\t\t\t<p>Liebe Mitarbeiter, gesch\u00e4tzte Kunden und Partner, das Jahr neigt sich dem Ende zu, und wir m\u00f6chten die Gelegenheit nutzen, uns bei Ihnen f\u00fcr das Vertrauen<\/p>\n\t\t<\/div>\n\t\t\n\t\t<a class=\"elementor-post__read-more\" href=\"https:\/\/www.bm-tech.de\/en\/frohe-weihnachten\/\" aria-label=\"Read more about Frohe Weihnachten und ein gutes Neues Jahr\" tabindex=\"-1\" >\n\t\t\tWeiterlesen \u00bb\t\t<\/a>\n\n\t\t\t\t<\/div>\n\t\t\t\t<\/article>\n\t\t\t\t<\/div>\n\t\t\n\t\t\t\t\t\t<\/div>\n\t\t\t\t<\/div>\n\t\t\t\t\t<\/div>\n\t\t\t\t<\/div>\n\t\t<div class=\"elementor-element elementor-element-29ad76d e-flex e-con-boxed e-con e-parent\" data-id=\"29ad76d\" data-element_type=\"container\" data-e-type=\"container\" data-settings=\"{&quot;shape_divider_bottom&quot;:&quot;tilt&quot;}\">\n\t\t\t\t\t<div class=\"e-con-inner\">\n\t\t\t\t<div class=\"elementor-shape elementor-shape-bottom\" aria-hidden=\"true\" data-negative=\"false\">\n\t\t\t<svg xmlns=\"http:\/\/www.w3.org\/2000\/svg\" viewBox=\"0 0 1000 100\" preserveAspectRatio=\"none\">\n\t<path class=\"elementor-shape-fill\" d=\"M0,6V0h1000v100L0,6z\"\/>\n<\/svg>\t\t<\/div>\n\t\t\t\t\t<\/div>\n\t\t\t\t<\/div>\n\t\t\t\t<\/div>\n\t\t","protected":false},"excerpt":{"rendered":"<p>NEUIGKEITEN Aktuelles von BM-TECH<\/p>","protected":false},"author":1,"featured_media":0,"parent":0,"menu_order":0,"comment_status":"closed","ping_status":"closed","template":"","meta":{"footnotes":""},"class_list":["post-1067","page","type-page","status-publish","hentry"],"yoast_head":"<!-- This site is optimized with the Yoast SEO plugin v27.4 - https:\/\/yoast.com\/product\/yoast-seo-wordpress\/ -->\n<title>News - BM-TECH Group<\/title>\n<meta name=\"robots\" content=\"index, follow, max-snippet:-1, max-image-preview:large, max-video-preview:-1\" \/>\n<link rel=\"canonical\" href=\"https:\/\/www.bm-tech.de\/en\/news\/\" \/>\n<meta property=\"og:locale\" content=\"en_US\" \/>\n<meta property=\"og:type\" content=\"article\" \/>\n<meta property=\"og:title\" content=\"News - BM-TECH Group\" \/>\n<meta property=\"og:description\" content=\"NEUIGKEITEN Aktuelles von BM-TECH\" \/>\n<meta property=\"og:url\" content=\"https:\/\/www.bm-tech.de\/en\/news\/\" \/>\n<meta property=\"og:site_name\" content=\"BM-TECH Group\" \/>\n<meta property=\"article:modified_time\" content=\"2025-02-02T16:32:12+00:00\" \/>\n<meta name=\"twitter:card\" content=\"summary_large_image\" \/>\n<meta name=\"twitter:label1\" content=\"Est. reading time\" \/>\n\t<meta name=\"twitter:data1\" content=\"2 minutes\" \/>\n<script type=\"application\/ld+json\" class=\"yoast-schema-graph\">{\"@context\":\"https:\\\/\\\/schema.org\",\"@graph\":[{\"@type\":\"WebPage\",\"@id\":\"https:\\\/\\\/www.bm-tech.de\\\/news\\\/\",\"url\":\"https:\\\/\\\/www.bm-tech.de\\\/news\\\/\",\"name\":\"News - BM-TECH Group\",\"isPartOf\":{\"@id\":\"https:\\\/\\\/www.bm-tech.de\\\/#website\"},\"datePublished\":\"2024-11-16T17:22:23+00:00\",\"dateModified\":\"2025-02-02T16:32:12+00:00\",\"breadcrumb\":{\"@id\":\"https:\\\/\\\/www.bm-tech.de\\\/news\\\/#breadcrumb\"},\"inLanguage\":\"en-US\",\"potentialAction\":[{\"@type\":\"ReadAction\",\"target\":[\"https:\\\/\\\/www.bm-tech.de\\\/news\\\/\"]}]},{\"@type\":\"BreadcrumbList\",\"@id\":\"https:\\\/\\\/www.bm-tech.de\\\/news\\\/#breadcrumb\",\"itemListElement\":[{\"@type\":\"ListItem\",\"position\":1,\"name\":\"Startseite\",\"item\":\"https:\\\/\\\/www.bm-tech.de\\\/\"},{\"@type\":\"ListItem\",\"position\":2,\"name\":\"News\"}]},{\"@type\":\"WebSite\",\"@id\":\"https:\\\/\\\/www.bm-tech.de\\\/#website\",\"url\":\"https:\\\/\\\/www.bm-tech.de\\\/\",\"name\":\"BM-TECH GmbH - Herausragende Projektl\u00f6sungen auf globaler Ebene\",\"description\":\"Your competent partner for project solutions at the highest level\",\"publisher\":{\"@id\":\"https:\\\/\\\/www.bm-tech.de\\\/#organization\"},\"potentialAction\":[{\"@type\":\"SearchAction\",\"target\":{\"@type\":\"EntryPoint\",\"urlTemplate\":\"https:\\\/\\\/www.bm-tech.de\\\/?s={search_term_string}\"},\"query-input\":{\"@type\":\"PropertyValueSpecification\",\"valueRequired\":true,\"valueName\":\"search_term_string\"}}],\"inLanguage\":\"en-US\"},{\"@type\":\"Organization\",\"@id\":\"https:\\\/\\\/www.bm-tech.de\\\/#organization\",\"name\":\"BM-TECH GmbH\",\"url\":\"https:\\\/\\\/www.bm-tech.de\\\/\",\"logo\":{\"@type\":\"ImageObject\",\"inLanguage\":\"en-US\",\"@id\":\"https:\\\/\\\/www.bm-tech.de\\\/#\\\/schema\\\/logo\\\/image\\\/\",\"url\":\"https:\\\/\\\/www.bm-tech.de\\\/wp-content\\\/uploads\\\/2023\\\/06\\\/logo_bm-tech-group.png\",\"contentUrl\":\"https:\\\/\\\/www.bm-tech.de\\\/wp-content\\\/uploads\\\/2023\\\/06\\\/logo_bm-tech-group.png\",\"width\":662,\"height\":268,\"caption\":\"BM-TECH GmbH\"},\"image\":{\"@id\":\"https:\\\/\\\/www.bm-tech.de\\\/#\\\/schema\\\/logo\\\/image\\\/\"}}]}<\/script>\n<!-- \/ Yoast SEO plugin. -->","yoast_head_json":{"title":"News - BM-TECH Group","robots":{"index":"index","follow":"follow","max-snippet":"max-snippet:-1","max-image-preview":"max-image-preview:large","max-video-preview":"max-video-preview:-1"},"canonical":"https:\/\/www.bm-tech.de\/en\/news\/","og_locale":"en_US","og_type":"article","og_title":"News - BM-TECH Group","og_description":"NEUIGKEITEN Aktuelles von BM-TECH","og_url":"https:\/\/www.bm-tech.de\/en\/news\/","og_site_name":"BM-TECH Group","article_modified_time":"2025-02-02T16:32:12+00:00","twitter_card":"summary_large_image","twitter_misc":{"Est. reading time":"2 minutes"},"schema":{"@context":"https:\/\/schema.org","@graph":[{"@type":"WebPage","@id":"https:\/\/www.bm-tech.de\/news\/","url":"https:\/\/www.bm-tech.de\/news\/","name":"News - BM-TECH Group","isPartOf":{"@id":"https:\/\/www.bm-tech.de\/#website"},"datePublished":"2024-11-16T17:22:23+00:00","dateModified":"2025-02-02T16:32:12+00:00","breadcrumb":{"@id":"https:\/\/www.bm-tech.de\/news\/#breadcrumb"},"inLanguage":"en-US","potentialAction":[{"@type":"ReadAction","target":["https:\/\/www.bm-tech.de\/news\/"]}]},{"@type":"BreadcrumbList","@id":"https:\/\/www.bm-tech.de\/news\/#breadcrumb","itemListElement":[{"@type":"ListItem","position":1,"name":"Startseite","item":"https:\/\/www.bm-tech.de\/"},{"@type":"ListItem","position":2,"name":"News"}]},{"@type":"WebSite","@id":"https:\/\/www.bm-tech.de\/#website","url":"https:\/\/www.bm-tech.de\/","name":"BM-TECH GmbH - Herausragende Projektl\u00f6sungen auf globaler Ebene","description":"Your competent partner for project solutions at the highest level","publisher":{"@id":"https:\/\/www.bm-tech.de\/#organization"},"potentialAction":[{"@type":"SearchAction","target":{"@type":"EntryPoint","urlTemplate":"https:\/\/www.bm-tech.de\/?s={search_term_string}"},"query-input":{"@type":"PropertyValueSpecification","valueRequired":true,"valueName":"search_term_string"}}],"inLanguage":"en-US"},{"@type":"Organization","@id":"https:\/\/www.bm-tech.de\/#organization","name":"BM-TECH GmbH","url":"https:\/\/www.bm-tech.de\/","logo":{"@type":"ImageObject","inLanguage":"en-US","@id":"https:\/\/www.bm-tech.de\/#\/schema\/logo\/image\/","url":"https:\/\/www.bm-tech.de\/wp-content\/uploads\/2023\/06\/logo_bm-tech-group.png","contentUrl":"https:\/\/www.bm-tech.de\/wp-content\/uploads\/2023\/06\/logo_bm-tech-group.png","width":662,"height":268,"caption":"BM-TECH GmbH"},"image":{"@id":"https:\/\/www.bm-tech.de\/#\/schema\/logo\/image\/"}}]}},"_links":{"self":[{"href":"https:\/\/www.bm-tech.de\/en\/wp-json\/wp\/v2\/pages\/1067","targetHints":{"allow":["GET"]}}],"collection":[{"href":"https:\/\/www.bm-tech.de\/en\/wp-json\/wp\/v2\/pages"}],"about":[{"href":"https:\/\/www.bm-tech.de\/en\/wp-json\/wp\/v2\/types\/page"}],"author":[{"embeddable":true,"href":"https:\/\/www.bm-tech.de\/en\/wp-json\/wp\/v2\/users\/1"}],"replies":[{"embeddable":true,"href":"https:\/\/www.bm-tech.de\/en\/wp-json\/wp\/v2\/comments?post=1067"}],"version-history":[{"count":28,"href":"https:\/\/www.bm-tech.de\/en\/wp-json\/wp\/v2\/pages\/1067\/revisions"}],"predecessor-version":[{"id":1154,"href":"https:\/\/www.bm-tech.de\/en\/wp-json\/wp\/v2\/pages\/1067\/revisions\/1154"}],"wp:attachment":[{"href":"https:\/\/www.bm-tech.de\/en\/wp-json\/wp\/v2\/media?parent=1067"}],"curies":[{"name":"wp","href":"https:\/\/api.w.org\/{rel}","templated":true}]}}