{"id":1281,"date":"2026-01-14T14:03:29","date_gmt":"2026-01-14T13:03:29","guid":{"rendered":"https:\/\/www.bm-tech.de\/?page_id=1281"},"modified":"2026-04-07T12:05:09","modified_gmt":"2026-04-07T10:05:09","slug":"beratung","status":"publish","type":"page","link":"https:\/\/www.bm-tech.de\/en\/beratung\/","title":{"rendered":"Consulting"},"content":{"rendered":"\t\t<div data-elementor-type=\"wp-page\" data-elementor-id=\"1281\" class=\"elementor elementor-1281\" data-elementor-post-type=\"page\">\n\t\t\t\t<div class=\"elementor-element elementor-element-7c5ccef1 e-flex e-con-boxed e-con e-parent\" data-id=\"7c5ccef1\" data-element_type=\"container\" data-e-type=\"container\" data-settings=\"{&quot;background_background&quot;:&quot;classic&quot;,&quot;shape_divider_bottom&quot;:&quot;tilt&quot;,&quot;background_motion_fx_motion_fx_scrolling&quot;:&quot;yes&quot;,&quot;background_motion_fx_scale_effect&quot;:&quot;yes&quot;,&quot;background_motion_fx_scale_direction&quot;:&quot;out-in&quot;,&quot;background_motion_fx_scale_speed&quot;:{&quot;unit&quot;:&quot;px&quot;,&quot;size&quot;:4,&quot;sizes&quot;:[]},&quot;background_motion_fx_scale_range&quot;:{&quot;unit&quot;:&quot;%&quot;,&quot;size&quot;:&quot;&quot;,&quot;sizes&quot;:{&quot;start&quot;:20,&quot;end&quot;:80}},&quot;background_motion_fx_devices&quot;:[&quot;desktop&quot;,&quot;tablet&quot;,&quot;mobile&quot;]}\">\n\t\t\t\t\t<div class=\"e-con-inner\">\n\t\t\t\t<div class=\"elementor-shape elementor-shape-bottom\" aria-hidden=\"true\" data-negative=\"false\">\n\t\t\t<svg xmlns=\"http:\/\/www.w3.org\/2000\/svg\" viewBox=\"0 0 1000 100\" preserveAspectRatio=\"none\">\n\t<path class=\"elementor-shape-fill\" d=\"M0,6V0h1000v100L0,6z\"\/>\n<\/svg>\t\t<\/div>\n\t\t\t\t<div class=\"elementor-element elementor-element-1a1b1fcd elementor-widget elementor-widget-heading\" data-id=\"1a1b1fcd\" data-element_type=\"widget\" data-e-type=\"widget\" data-settings=\"{&quot;motion_fx_motion_fx_scrolling&quot;:&quot;yes&quot;,&quot;motion_fx_translateX_effect&quot;:&quot;yes&quot;,&quot;motion_fx_translateX_direction&quot;:&quot;negative&quot;,&quot;motion_fx_devices&quot;:[&quot;desktop&quot;,&quot;tablet&quot;],&quot;motion_fx_translateX_speed&quot;:{&quot;unit&quot;:&quot;px&quot;,&quot;size&quot;:4,&quot;sizes&quot;:[]},&quot;motion_fx_translateX_affectedRange&quot;:{&quot;unit&quot;:&quot;%&quot;,&quot;size&quot;:&quot;&quot;,&quot;sizes&quot;:{&quot;start&quot;:0,&quot;end&quot;:100}}}\" data-widget_type=\"heading.default\">\n\t\t\t\t<div class=\"elementor-widget-container\">\n\t\t\t\t\t<h2 class=\"elementor-heading-title elementor-size-default\">Beratung durch BM-TECH!<\/h2>\t\t\t\t<\/div>\n\t\t\t\t<\/div>\n\t\t\t\t\t<\/div>\n\t\t\t\t<\/div>\n\t\t<div class=\"elementor-element elementor-element-690f8205 e-flex e-con-boxed e-con e-parent\" data-id=\"690f8205\" data-element_type=\"container\" data-e-type=\"container\" data-settings=\"{&quot;background_background&quot;:&quot;classic&quot;,&quot;shape_divider_top&quot;:&quot;tilt&quot;}\">\n\t\t\t\t\t<div class=\"e-con-inner\">\n\t\t\t\t<div class=\"elementor-shape elementor-shape-top\" aria-hidden=\"true\" data-negative=\"false\">\n\t\t\t<svg xmlns=\"http:\/\/www.w3.org\/2000\/svg\" viewBox=\"0 0 1000 100\" preserveAspectRatio=\"none\">\n\t<path class=\"elementor-shape-fill\" d=\"M0,6V0h1000v100L0,6z\"\/>\n<\/svg>\t\t<\/div>\n\t\t<div class=\"elementor-element elementor-element-1490c810 e-con-full e-flex elementor-invisible e-con e-child\" data-id=\"1490c810\" data-element_type=\"container\" data-e-type=\"container\" data-settings=\"{&quot;background_background&quot;:&quot;classic&quot;,&quot;animation&quot;:&quot;fadeInRight&quot;}\">\n\t\t\t\t<div class=\"elementor-element elementor-element-702f90e7 elementor-widget elementor-widget-heading\" data-id=\"702f90e7\" data-element_type=\"widget\" data-e-type=\"widget\" data-widget_type=\"heading.default\">\n\t\t\t\t<div class=\"elementor-widget-container\">\n\t\t\t\t\t<h4 class=\"elementor-heading-title elementor-size-default\">Beratung f\u00fcr erfolgreiche Projektrealisierung auf Baustellen<\/h4>\t\t\t\t<\/div>\n\t\t\t\t<\/div>\n\t\t\t\t<div class=\"elementor-element elementor-element-051a4a0 elementor-widget elementor-widget-text-editor\" data-id=\"051a4a0\" data-element_type=\"widget\" data-e-type=\"widget\" data-widget_type=\"text-editor.default\">\n\t\t\t\t<div class=\"elementor-widget-container\">\n\t\t\t\t\t\t\t\t\t<p>Komplexe Projekte im Maschinen- und Anlagenbau erfordern eine pr\u00e4zise Planung, transparente Prozesse und eine konsequente Steuerung von Kosten und Terminen. Wir unterst\u00fctzen Sie bei der professionellen Projektrealisierung auf Baustellen \u2013 praxisnah, strukturiert und mit dem klaren Ziel, Abl\u00e4ufe zu optimieren sowie Zeit- und Kostenrisiken nachhaltig zu reduzieren.<\/p>\t\t\t\t\t\t\t\t<\/div>\n\t\t\t\t<\/div>\n\t\t\t\t<\/div>\n\t\t<div class=\"elementor-element elementor-element-a7b508e e-con-full e-flex elementor-invisible e-con e-child\" data-id=\"a7b508e\" data-element_type=\"container\" data-e-type=\"container\" data-settings=\"{&quot;background_background&quot;:&quot;classic&quot;,&quot;animation&quot;:&quot;fadeInRight&quot;,&quot;animation_delay&quot;:500}\">\n\t\t\t\t<div class=\"elementor-element elementor-element-e2490c3 elementor-widget elementor-widget-heading\" data-id=\"e2490c3\" data-element_type=\"widget\" data-e-type=\"widget\" data-widget_type=\"heading.default\">\n\t\t\t\t<div class=\"elementor-widget-container\">\n\t\t\t\t\t<h4 class=\"elementor-heading-title elementor-size-default\">Planung und Koordination von Einzelgewerken<\/h4>\t\t\t\t<\/div>\n\t\t\t\t<\/div>\n\t\t\t\t<div class=\"elementor-element elementor-element-c3cb1e0 elementor-widget elementor-widget-text-editor\" data-id=\"c3cb1e0\" data-element_type=\"widget\" data-e-type=\"widget\" data-widget_type=\"text-editor.default\">\n\t\t\t\t<div class=\"elementor-widget-container\">\n\t\t\t\t\t\t\t\t\t<p>Eine saubere Planung der Einzelgewerke wie z.B. der Ger\u00fcstbau, Hebezeuge\u2026, bildet die Grundlage f\u00fcr einen reibungslosen Bauablauf. Wir unterst\u00fctzen Sie bei der Strukturierung, Abstimmung und Koordination aller beteiligten Gewerke, um Schnittstellenprobleme zu vermeiden, Abh\u00e4ngigkeiten transparent zu machen und Stillst\u00e4nde auf der Baustelle zu minimieren.<\/p>\t\t\t\t\t\t\t\t<\/div>\n\t\t\t\t<\/div>\n\t\t\t\t<\/div>\n\t\t<div class=\"elementor-element elementor-element-0844f14 e-con-full e-flex elementor-invisible e-con e-child\" data-id=\"0844f14\" data-element_type=\"container\" data-e-type=\"container\" data-settings=\"{&quot;background_background&quot;:&quot;classic&quot;,&quot;animation&quot;:&quot;fadeInRight&quot;,&quot;animation_delay&quot;:1000}\">\n\t\t\t\t<div class=\"elementor-element elementor-element-1dfc543 elementor-widget elementor-widget-heading\" data-id=\"1dfc543\" data-element_type=\"widget\" data-e-type=\"widget\" data-widget_type=\"heading.default\">\n\t\t\t\t<div class=\"elementor-widget-container\">\n\t\t\t\t\t<h4 class=\"elementor-heading-title elementor-size-default\">Strukturierte Dokumentation und Nachvollziehbarkeit<\/h4>\t\t\t\t<\/div>\n\t\t\t\t<\/div>\n\t\t\t\t<div class=\"elementor-element elementor-element-37b1e44 elementor-widget elementor-widget-text-editor\" data-id=\"37b1e44\" data-element_type=\"widget\" data-e-type=\"widget\" data-widget_type=\"text-editor.default\">\n\t\t\t\t<div class=\"elementor-widget-container\">\n\t\t\t\t\t\t\t\t\t<p>Eine l\u00fcckenlose und verst\u00e4ndliche Dokumentation ist entscheidend f\u00fcr den Projekterfolg. Wir helfen beim Aufbau effizienter Dokumentationsstrukturen, die den Baufortschritt, Entscheidungen, \u00c4nderungen und Abweichungen klar erfassen \u2013 als sichere Basis f\u00fcr Steuerung, Kommunikation und sp\u00e4tere Nachweise.<\/p>\t\t\t\t\t\t\t\t<\/div>\n\t\t\t\t<\/div>\n\t\t\t\t<\/div>\n\t\t<div class=\"elementor-element elementor-element-0c3fa11 e-con-full e-flex elementor-invisible e-con e-child\" data-id=\"0c3fa11\" data-element_type=\"container\" data-e-type=\"container\" data-settings=\"{&quot;background_background&quot;:&quot;classic&quot;,&quot;animation&quot;:&quot;fadeInRight&quot;,&quot;animation_delay&quot;:1500}\">\n\t\t\t\t<div class=\"elementor-element elementor-element-48916fd elementor-widget elementor-widget-heading\" data-id=\"48916fd\" data-element_type=\"widget\" data-e-type=\"widget\" data-widget_type=\"heading.default\">\n\t\t\t\t<div class=\"elementor-widget-container\">\n\t\t\t\t\t<h4 class=\"elementor-heading-title elementor-size-default\">Erfassen und Steuern von Kosten und Mehrkosten<\/h4>\t\t\t\t<\/div>\n\t\t\t\t<\/div>\n\t\t\t\t<div class=\"elementor-element elementor-element-cf09a38 elementor-widget elementor-widget-text-editor\" data-id=\"cf09a38\" data-element_type=\"widget\" data-e-type=\"widget\" data-widget_type=\"text-editor.default\">\n\t\t\t\t<div class=\"elementor-widget-container\">\n\t\t\t\t\t\t\t\t\t<p>Kostenkontrolle ist ein zentraler Erfolgsfaktor. Wir unterst\u00fctzen Sie beim systematischen Erfassen von Projektkosten und Mehrkosten, bei der Bewertung von Abweichungen sowie bei der transparenten Darstellung finanzieller Auswirkungen. So behalten Sie jederzeit den \u00dcberblick und k\u00f6nnen fr\u00fchzeitig gegensteuern.<\/p>\t\t\t\t\t\t\t\t<\/div>\n\t\t\t\t<\/div>\n\t\t\t\t<\/div>\n\t\t<div class=\"elementor-element elementor-element-2f9b262 e-con-full e-flex elementor-invisible e-con e-child\" data-id=\"2f9b262\" data-element_type=\"container\" data-e-type=\"container\" data-settings=\"{&quot;background_background&quot;:&quot;classic&quot;,&quot;animation&quot;:&quot;fadeInRight&quot;,&quot;animation_delay&quot;:2000}\">\n\t\t\t\t<div class=\"elementor-element elementor-element-24d42ea elementor-widget elementor-widget-heading\" data-id=\"24d42ea\" data-element_type=\"widget\" data-e-type=\"widget\" data-widget_type=\"heading.default\">\n\t\t\t\t<div class=\"elementor-widget-container\">\n\t\t\t\t\t<h4 class=\"elementor-heading-title elementor-size-default\">Change- und Claimmanagement<\/h4>\t\t\t\t<\/div>\n\t\t\t\t<\/div>\n\t\t\t\t<div class=\"elementor-element elementor-element-00bc897 elementor-widget elementor-widget-text-editor\" data-id=\"00bc897\" data-element_type=\"widget\" data-e-type=\"widget\" data-widget_type=\"text-editor.default\">\n\t\t\t\t<div class=\"elementor-widget-container\">\n\t\t\t\t\t\t\t\t\t<p>\u00c4nderungen geh\u00f6ren zum Baualltag \u2013 entscheidend ist der professionelle Umgang damit. Wir begleiten Sie im Change- und Claimmanagement von der Identifikation \u00fcber die Bewertung bis zur strukturierten Durchsetzung bzw. Abwehr von Anspr\u00fcchen. Ziel ist es, Konflikte zu minimieren und wirtschaftliche Nachteile zu vermeiden.<\/p>\t\t\t\t\t\t\t\t<\/div>\n\t\t\t\t<\/div>\n\t\t\t\t<\/div>\n\t\t<div class=\"elementor-element elementor-element-e374b7d e-con-full e-flex elementor-invisible e-con e-child\" data-id=\"e374b7d\" data-element_type=\"container\" data-e-type=\"container\" data-settings=\"{&quot;background_background&quot;:&quot;classic&quot;,&quot;animation&quot;:&quot;fadeInRight&quot;,&quot;animation_delay&quot;:2500}\">\n\t\t\t\t<div class=\"elementor-element elementor-element-af3f2ed elementor-widget elementor-widget-heading\" data-id=\"af3f2ed\" data-element_type=\"widget\" data-e-type=\"widget\" data-widget_type=\"heading.default\">\n\t\t\t\t<div class=\"elementor-widget-container\">\n\t\t\t\t\t<h4 class=\"elementor-heading-title elementor-size-default\">Mehr Effizienz, weniger Zeit- und Kostenaufwand<\/h4>\t\t\t\t<\/div>\n\t\t\t\t<\/div>\n\t\t\t\t<div class=\"elementor-element elementor-element-01d7bb6 elementor-widget elementor-widget-text-editor\" data-id=\"01d7bb6\" data-element_type=\"widget\" data-e-type=\"widget\" data-widget_type=\"text-editor.default\">\n\t\t\t\t<div class=\"elementor-widget-container\">\n\t\t\t\t\t\t\t\t\t<p>Unser Beratungsansatz zielt darauf ab, Ablauforganisationen zu verbessern, Prozesse zu verschlanken und Risiken fr\u00fchzeitig zu erkennen. Durch klare Strukturen, transparente Informationen und eine vorausschauende Steuerung unterst\u00fctzen wir Sie dabei, Projekte termin- und kostensicher umzusetzen.<\/p>\t\t\t\t\t\t\t\t<\/div>\n\t\t\t\t<\/div>\n\t\t\t\t<\/div>\n\t\t<div class=\"elementor-element elementor-element-78e2113 e-con-full e-flex elementor-invisible e-con e-child\" data-id=\"78e2113\" data-element_type=\"container\" data-e-type=\"container\" data-settings=\"{&quot;background_background&quot;:&quot;classic&quot;,&quot;animation&quot;:&quot;fadeInRight&quot;,&quot;animation_delay&quot;:3000}\">\n\t\t\t\t<div class=\"elementor-element elementor-element-5b23151 elementor-widget elementor-widget-heading\" data-id=\"5b23151\" data-element_type=\"widget\" data-e-type=\"widget\" data-widget_type=\"heading.default\">\n\t\t\t\t<div class=\"elementor-widget-container\">\n\t\t\t\t\t<h4 class=\"elementor-heading-title elementor-size-default\">Praxisorientiert. Transparent. Effizient.<\/h4>\t\t\t\t<\/div>\n\t\t\t\t<\/div>\n\t\t\t\t<div class=\"elementor-element elementor-element-7b19082 elementor-widget elementor-widget-text-editor\" data-id=\"7b19082\" data-element_type=\"widget\" data-e-type=\"widget\" data-widget_type=\"text-editor.default\">\n\t\t\t\t<div class=\"elementor-widget-container\">\n\t\t\t\t\t\t\t\t\t<p>Wir beraten Projektmanager, Projektsteuerer, Baustellenmanager und ausf\u00fchrende Unternehmen \u2013 unabh\u00e4ngig, l\u00f6sungsorientiert und mit Blick auf den tats\u00e4chlichen Baustellenalltag.<\/p>\t\t\t\t\t\t\t\t<\/div>\n\t\t\t\t<\/div>\n\t\t\t\t<\/div>\n\t\t\t\t\t<\/div>\n\t\t\t\t<\/div>\n\t\t\t\t<\/div>\n\t\t","protected":false},"excerpt":{"rendered":"<p>Beratung durch BM-TECH! Beratung f\u00fcr erfolgreiche Projektrealisierung auf Baustellen Komplexe Projekte im Maschinen- und Anlagenbau erfordern eine pr\u00e4zise Planung, transparente Prozesse und eine konsequente Steuerung von Kosten und Terminen. Wir unterst\u00fctzen Sie bei der professionellen Projektrealisierung auf Baustellen \u2013 praxisnah, strukturiert und mit dem klaren Ziel, Abl\u00e4ufe zu optimieren sowie Zeit- und Kostenrisiken nachhaltig zu [&hellip;]<\/p>\n","protected":false},"author":1,"featured_media":0,"parent":0,"menu_order":0,"comment_status":"closed","ping_status":"closed","template":"","meta":{"footnotes":""},"class_list":["post-1281","page","type-page","status-publish","hentry"],"yoast_head":"<!-- This site is optimized with the Yoast SEO plugin v27.4 - https:\/\/yoast.com\/product\/yoast-seo-wordpress\/ -->\n<title>Beratung - BM-TECH Group<\/title>\n<meta name=\"robots\" content=\"index, follow, max-snippet:-1, max-image-preview:large, max-video-preview:-1\" \/>\n<link rel=\"canonical\" href=\"https:\/\/www.bm-tech.de\/en\/beratung\/\" \/>\n<meta property=\"og:locale\" content=\"en_US\" \/>\n<meta property=\"og:type\" content=\"article\" \/>\n<meta property=\"og:title\" content=\"Beratung - BM-TECH Group\" \/>\n<meta property=\"og:description\" content=\"Beratung durch BM-TECH! Beratung f\u00fcr erfolgreiche Projektrealisierung auf Baustellen Komplexe Projekte im Maschinen- und Anlagenbau erfordern eine pr\u00e4zise Planung, transparente Prozesse und eine konsequente Steuerung von Kosten und Terminen. Wir unterst\u00fctzen Sie bei der professionellen Projektrealisierung auf Baustellen \u2013 praxisnah, strukturiert und mit dem klaren Ziel, Abl\u00e4ufe zu optimieren sowie Zeit- und Kostenrisiken nachhaltig zu [&hellip;]\" \/>\n<meta property=\"og:url\" content=\"https:\/\/www.bm-tech.de\/en\/beratung\/\" \/>\n<meta property=\"og:site_name\" content=\"BM-TECH Group\" \/>\n<meta property=\"article:modified_time\" content=\"2026-04-07T10:05:09+00:00\" \/>\n<meta name=\"twitter:card\" content=\"summary_large_image\" \/>\n<meta name=\"twitter:label1\" content=\"Est. reading time\" \/>\n\t<meta name=\"twitter:data1\" content=\"2 minutes\" \/>\n<script type=\"application\/ld+json\" class=\"yoast-schema-graph\">{\"@context\":\"https:\\\/\\\/schema.org\",\"@graph\":[{\"@type\":\"WebPage\",\"@id\":\"https:\\\/\\\/www.bm-tech.de\\\/beratung\\\/\",\"url\":\"https:\\\/\\\/www.bm-tech.de\\\/beratung\\\/\",\"name\":\"Beratung - BM-TECH Group\",\"isPartOf\":{\"@id\":\"https:\\\/\\\/www.bm-tech.de\\\/#website\"},\"datePublished\":\"2026-01-14T13:03:29+00:00\",\"dateModified\":\"2026-04-07T10:05:09+00:00\",\"breadcrumb\":{\"@id\":\"https:\\\/\\\/www.bm-tech.de\\\/beratung\\\/#breadcrumb\"},\"inLanguage\":\"en-US\",\"potentialAction\":[{\"@type\":\"ReadAction\",\"target\":[\"https:\\\/\\\/www.bm-tech.de\\\/beratung\\\/\"]}]},{\"@type\":\"BreadcrumbList\",\"@id\":\"https:\\\/\\\/www.bm-tech.de\\\/beratung\\\/#breadcrumb\",\"itemListElement\":[{\"@type\":\"ListItem\",\"position\":1,\"name\":\"Startseite\",\"item\":\"https:\\\/\\\/www.bm-tech.de\\\/\"},{\"@type\":\"ListItem\",\"position\":2,\"name\":\"Beratung\"}]},{\"@type\":\"WebSite\",\"@id\":\"https:\\\/\\\/www.bm-tech.de\\\/#website\",\"url\":\"https:\\\/\\\/www.bm-tech.de\\\/\",\"name\":\"BM-TECH GmbH - Herausragende Projektl\u00f6sungen auf globaler Ebene\",\"description\":\"Your competent partner for project solutions at the highest level\",\"publisher\":{\"@id\":\"https:\\\/\\\/www.bm-tech.de\\\/#organization\"},\"potentialAction\":[{\"@type\":\"SearchAction\",\"target\":{\"@type\":\"EntryPoint\",\"urlTemplate\":\"https:\\\/\\\/www.bm-tech.de\\\/?s={search_term_string}\"},\"query-input\":{\"@type\":\"PropertyValueSpecification\",\"valueRequired\":true,\"valueName\":\"search_term_string\"}}],\"inLanguage\":\"en-US\"},{\"@type\":\"Organization\",\"@id\":\"https:\\\/\\\/www.bm-tech.de\\\/#organization\",\"name\":\"BM-TECH GmbH\",\"url\":\"https:\\\/\\\/www.bm-tech.de\\\/\",\"logo\":{\"@type\":\"ImageObject\",\"inLanguage\":\"en-US\",\"@id\":\"https:\\\/\\\/www.bm-tech.de\\\/#\\\/schema\\\/logo\\\/image\\\/\",\"url\":\"https:\\\/\\\/www.bm-tech.de\\\/wp-content\\\/uploads\\\/2023\\\/06\\\/logo_bm-tech-group.png\",\"contentUrl\":\"https:\\\/\\\/www.bm-tech.de\\\/wp-content\\\/uploads\\\/2023\\\/06\\\/logo_bm-tech-group.png\",\"width\":662,\"height\":268,\"caption\":\"BM-TECH GmbH\"},\"image\":{\"@id\":\"https:\\\/\\\/www.bm-tech.de\\\/#\\\/schema\\\/logo\\\/image\\\/\"}}]}<\/script>\n<!-- \/ Yoast SEO plugin. -->","yoast_head_json":{"title":"Beratung - BM-TECH Group","robots":{"index":"index","follow":"follow","max-snippet":"max-snippet:-1","max-image-preview":"max-image-preview:large","max-video-preview":"max-video-preview:-1"},"canonical":"https:\/\/www.bm-tech.de\/en\/beratung\/","og_locale":"en_US","og_type":"article","og_title":"Beratung - BM-TECH Group","og_description":"Beratung durch BM-TECH! Beratung f\u00fcr erfolgreiche Projektrealisierung auf Baustellen Komplexe Projekte im Maschinen- und Anlagenbau erfordern eine pr\u00e4zise Planung, transparente Prozesse und eine konsequente Steuerung von Kosten und Terminen. Wir unterst\u00fctzen Sie bei der professionellen Projektrealisierung auf Baustellen \u2013 praxisnah, strukturiert und mit dem klaren Ziel, Abl\u00e4ufe zu optimieren sowie Zeit- und Kostenrisiken nachhaltig zu [&hellip;]","og_url":"https:\/\/www.bm-tech.de\/en\/beratung\/","og_site_name":"BM-TECH Group","article_modified_time":"2026-04-07T10:05:09+00:00","twitter_card":"summary_large_image","twitter_misc":{"Est. reading time":"2 minutes"},"schema":{"@context":"https:\/\/schema.org","@graph":[{"@type":"WebPage","@id":"https:\/\/www.bm-tech.de\/beratung\/","url":"https:\/\/www.bm-tech.de\/beratung\/","name":"Beratung - BM-TECH Group","isPartOf":{"@id":"https:\/\/www.bm-tech.de\/#website"},"datePublished":"2026-01-14T13:03:29+00:00","dateModified":"2026-04-07T10:05:09+00:00","breadcrumb":{"@id":"https:\/\/www.bm-tech.de\/beratung\/#breadcrumb"},"inLanguage":"en-US","potentialAction":[{"@type":"ReadAction","target":["https:\/\/www.bm-tech.de\/beratung\/"]}]},{"@type":"BreadcrumbList","@id":"https:\/\/www.bm-tech.de\/beratung\/#breadcrumb","itemListElement":[{"@type":"ListItem","position":1,"name":"Startseite","item":"https:\/\/www.bm-tech.de\/"},{"@type":"ListItem","position":2,"name":"Beratung"}]},{"@type":"WebSite","@id":"https:\/\/www.bm-tech.de\/#website","url":"https:\/\/www.bm-tech.de\/","name":"BM-TECH GmbH - Herausragende Projektl\u00f6sungen auf globaler Ebene","description":"Your competent partner for project solutions at the highest level","publisher":{"@id":"https:\/\/www.bm-tech.de\/#organization"},"potentialAction":[{"@type":"SearchAction","target":{"@type":"EntryPoint","urlTemplate":"https:\/\/www.bm-tech.de\/?s={search_term_string}"},"query-input":{"@type":"PropertyValueSpecification","valueRequired":true,"valueName":"search_term_string"}}],"inLanguage":"en-US"},{"@type":"Organization","@id":"https:\/\/www.bm-tech.de\/#organization","name":"BM-TECH GmbH","url":"https:\/\/www.bm-tech.de\/","logo":{"@type":"ImageObject","inLanguage":"en-US","@id":"https:\/\/www.bm-tech.de\/#\/schema\/logo\/image\/","url":"https:\/\/www.bm-tech.de\/wp-content\/uploads\/2023\/06\/logo_bm-tech-group.png","contentUrl":"https:\/\/www.bm-tech.de\/wp-content\/uploads\/2023\/06\/logo_bm-tech-group.png","width":662,"height":268,"caption":"BM-TECH GmbH"},"image":{"@id":"https:\/\/www.bm-tech.de\/#\/schema\/logo\/image\/"}}]}},"_links":{"self":[{"href":"https:\/\/www.bm-tech.de\/en\/wp-json\/wp\/v2\/pages\/1281","targetHints":{"allow":["GET"]}}],"collection":[{"href":"https:\/\/www.bm-tech.de\/en\/wp-json\/wp\/v2\/pages"}],"about":[{"href":"https:\/\/www.bm-tech.de\/en\/wp-json\/wp\/v2\/types\/page"}],"author":[{"embeddable":true,"href":"https:\/\/www.bm-tech.de\/en\/wp-json\/wp\/v2\/users\/1"}],"replies":[{"embeddable":true,"href":"https:\/\/www.bm-tech.de\/en\/wp-json\/wp\/v2\/comments?post=1281"}],"version-history":[{"count":10,"href":"https:\/\/www.bm-tech.de\/en\/wp-json\/wp\/v2\/pages\/1281\/revisions"}],"predecessor-version":[{"id":1313,"href":"https:\/\/www.bm-tech.de\/en\/wp-json\/wp\/v2\/pages\/1281\/revisions\/1313"}],"wp:attachment":[{"href":"https:\/\/www.bm-tech.de\/en\/wp-json\/wp\/v2\/media?parent=1281"}],"curies":[{"name":"wp","href":"https:\/\/api.w.org\/{rel}","templated":true}]}}