{"id":13,"date":"2023-06-28T18:54:10","date_gmt":"2023-06-28T16:54:10","guid":{"rendered":"https:\/\/www.bm-tech.de\/?page_id=13"},"modified":"2025-07-23T09:21:49","modified_gmt":"2025-07-23T07:21:49","slug":"loesungen","status":"publish","type":"page","link":"https:\/\/www.bm-tech.de\/en\/loesungen\/","title":{"rendered":"Solutions"},"content":{"rendered":"\t\t<div data-elementor-type=\"wp-page\" data-elementor-id=\"13\" class=\"elementor elementor-13\" data-elementor-post-type=\"page\">\n\t\t\t\t<div class=\"elementor-element elementor-element-69291b5 e-flex e-con-boxed e-con e-parent\" data-id=\"69291b5\" data-element_type=\"container\" data-e-type=\"container\" data-settings=\"{&quot;background_background&quot;:&quot;classic&quot;,&quot;shape_divider_bottom&quot;:&quot;tilt&quot;,&quot;background_motion_fx_motion_fx_scrolling&quot;:&quot;yes&quot;,&quot;background_motion_fx_scale_effect&quot;:&quot;yes&quot;,&quot;background_motion_fx_scale_direction&quot;:&quot;out-in&quot;,&quot;background_motion_fx_scale_speed&quot;:{&quot;unit&quot;:&quot;px&quot;,&quot;size&quot;:4,&quot;sizes&quot;:[]},&quot;background_motion_fx_scale_range&quot;:{&quot;unit&quot;:&quot;%&quot;,&quot;size&quot;:&quot;&quot;,&quot;sizes&quot;:{&quot;start&quot;:20,&quot;end&quot;:80}},&quot;background_motion_fx_devices&quot;:[&quot;desktop&quot;,&quot;tablet&quot;,&quot;mobile&quot;]}\">\n\t\t\t\t\t<div class=\"e-con-inner\">\n\t\t\t\t<div class=\"elementor-shape elementor-shape-bottom\" aria-hidden=\"true\" data-negative=\"false\">\n\t\t\t<svg xmlns=\"http:\/\/www.w3.org\/2000\/svg\" viewBox=\"0 0 1000 100\" preserveAspectRatio=\"none\">\n\t<path class=\"elementor-shape-fill\" d=\"M0,6V0h1000v100L0,6z\"\/>\n<\/svg>\t\t<\/div>\n\t\t\t\t<div class=\"elementor-element elementor-element-a122963 elementor-widget elementor-widget-heading\" data-id=\"a122963\" data-element_type=\"widget\" data-e-type=\"widget\" data-settings=\"{&quot;motion_fx_motion_fx_scrolling&quot;:&quot;yes&quot;,&quot;motion_fx_translateX_effect&quot;:&quot;yes&quot;,&quot;motion_fx_translateX_direction&quot;:&quot;negative&quot;,&quot;motion_fx_devices&quot;:[&quot;desktop&quot;,&quot;tablet&quot;],&quot;motion_fx_translateX_speed&quot;:{&quot;unit&quot;:&quot;px&quot;,&quot;size&quot;:4,&quot;sizes&quot;:[]},&quot;motion_fx_translateX_affectedRange&quot;:{&quot;unit&quot;:&quot;%&quot;,&quot;size&quot;:&quot;&quot;,&quot;sizes&quot;:{&quot;start&quot;:0,&quot;end&quot;:100}}}\" data-widget_type=\"heading.default\">\n\t\t\t\t<div class=\"elementor-widget-container\">\n\t\t\t\t\t<h2 class=\"elementor-heading-title elementor-size-default\">L\u00f6sungen mit BM-TECH!<\/h2>\t\t\t\t<\/div>\n\t\t\t\t<\/div>\n\t\t\t\t\t<\/div>\n\t\t\t\t<\/div>\n\t\t<div class=\"elementor-element elementor-element-6bb0626 e-flex e-con-boxed e-con e-parent\" data-id=\"6bb0626\" data-element_type=\"container\" data-e-type=\"container\">\n\t\t\t\t\t<div class=\"e-con-inner\">\n\t\t<div class=\"elementor-element elementor-element-b55d408 e-flex e-con-boxed e-con e-child\" data-id=\"b55d408\" data-element_type=\"container\" data-e-type=\"container\">\n\t\t\t\t\t<div class=\"e-con-inner\">\n\t\t<div class=\"elementor-element elementor-element-8948f08 e-con-full e-flex e-con e-child\" data-id=\"8948f08\" data-element_type=\"container\" data-e-type=\"container\">\n\t\t\t\t<div class=\"elementor-element elementor-element-f2f25a4 text-underlined elementor-widget elementor-widget-heading\" data-id=\"f2f25a4\" data-element_type=\"widget\" data-e-type=\"widget\" data-widget_type=\"heading.default\">\n\t\t\t\t<div class=\"elementor-widget-container\">\n\t\t\t\t\t<h3 class=\"elementor-heading-title elementor-size-default\">Herausforderungen im Maschinen- und Anlagenbau:<\/h3>\t\t\t\t<\/div>\n\t\t\t\t<\/div>\n\t\t\t\t<div class=\"elementor-element elementor-element-d99053c elementor-icon-list--layout-inline elementor-align-start elementor-widget__width-initial elementor-list-item-link-full_width elementor-widget elementor-widget-icon-list\" data-id=\"d99053c\" data-element_type=\"widget\" data-e-type=\"widget\" data-widget_type=\"icon-list.default\">\n\t\t\t\t<div class=\"elementor-widget-container\">\n\t\t\t\t\t\t\t<ul class=\"elementor-icon-list-items elementor-inline-items\">\n\t\t\t\t\t\t\t<li class=\"elementor-icon-list-item elementor-inline-item\">\n\t\t\t\t\t\t\t\t\t\t\t<span class=\"elementor-icon-list-icon\">\n\t\t\t\t\t\t\t<i aria-hidden=\"true\" class=\"fas fa-funnel-dollar\"><\/i>\t\t\t\t\t\t<\/span>\n\t\t\t\t\t\t\t\t\t\t<span class=\"elementor-icon-list-text\">Die steigenden Montage- und Inbetriebnahme-Aufw\u00e4nde belasten zunehmend den Bilanzgewinn.<\/span>\n\t\t\t\t\t\t\t\t\t<\/li>\n\t\t\t\t\t\t\t\t<li class=\"elementor-icon-list-item elementor-inline-item\">\n\t\t\t\t\t\t\t\t\t\t\t<span class=\"elementor-icon-list-icon\">\n\t\t\t\t\t\t\t<i aria-hidden=\"true\" class=\"fas fa-plane-departure\"><\/i>\t\t\t\t\t\t<\/span>\n\t\t\t\t\t\t\t\t\t\t<span class=\"elementor-icon-list-text\">Projekte in Schwellenl\u00e4ndern werden durch hohe Reisekosten und zeitaufwendige Montageeins\u00e4tze mit eigenem Personal nicht mehr kostendeckend umsetzbar.<\/span>\n\t\t\t\t\t\t\t\t\t<\/li>\n\t\t\t\t\t\t\t\t<li class=\"elementor-icon-list-item elementor-inline-item\">\n\t\t\t\t\t\t\t\t\t\t\t<span class=\"elementor-icon-list-icon\">\n\t\t\t\t\t\t\t<i aria-hidden=\"true\" class=\"fas fa-exclamation-triangle\"><\/i>\t\t\t\t\t\t<\/span>\n\t\t\t\t\t\t\t\t\t\t<span class=\"elementor-icon-list-text\">In Krisengebieten gestalten sich Arbeitsprozesse aufgrund von gesetzlichen Regelungen und Personalmangel besonders herausfordernd.<\/span>\n\t\t\t\t\t\t\t\t\t<\/li>\n\t\t\t\t\t\t<\/ul>\n\t\t\t\t\t\t<\/div>\n\t\t\t\t<\/div>\n\t\t\t\t<\/div>\n\t\t<div class=\"elementor-element elementor-element-a2fc633 e-con-full e-flex elementor-invisible e-con e-child\" data-id=\"a2fc633\" data-element_type=\"container\" data-e-type=\"container\" data-settings=\"{&quot;animation&quot;:&quot;fadeInRight&quot;}\">\n\t\t\t\t<div class=\"elementor-element elementor-element-a07505a elementor-view-default elementor-widget elementor-widget-icon\" data-id=\"a07505a\" data-element_type=\"widget\" data-e-type=\"widget\" data-settings=\"{&quot;_animation&quot;:&quot;none&quot;}\" data-widget_type=\"icon.default\">\n\t\t\t\t<div class=\"elementor-widget-container\">\n\t\t\t\t\t\t\t<div class=\"elementor-icon-wrapper\">\n\t\t\t<div class=\"elementor-icon\">\n\t\t\t<i aria-hidden=\"true\" class=\"fas fa-bolt\"><\/i>\t\t\t<\/div>\n\t\t<\/div>\n\t\t\t\t\t\t<\/div>\n\t\t\t\t<\/div>\n\t\t\t\t<\/div>\n\t\t\t\t\t<\/div>\n\t\t\t\t<\/div>\n\t\t\t\t\t<\/div>\n\t\t\t\t<\/div>\n\t\t<div class=\"elementor-element elementor-element-5b2b950 e-flex e-con-boxed e-con e-parent\" data-id=\"5b2b950\" data-element_type=\"container\" data-e-type=\"container\" data-settings=\"{&quot;background_background&quot;:&quot;classic&quot;,&quot;shape_divider_top&quot;:&quot;tilt&quot;}\">\n\t\t\t\t\t<div class=\"e-con-inner\">\n\t\t\t\t<div class=\"elementor-shape elementor-shape-top\" aria-hidden=\"true\" data-negative=\"false\">\n\t\t\t<svg xmlns=\"http:\/\/www.w3.org\/2000\/svg\" viewBox=\"0 0 1000 100\" preserveAspectRatio=\"none\">\n\t<path class=\"elementor-shape-fill\" d=\"M0,6V0h1000v100L0,6z\"\/>\n<\/svg>\t\t<\/div>\n\t\t<div class=\"elementor-element elementor-element-53c517e e-con-full e-flex e-con e-child\" data-id=\"53c517e\" data-element_type=\"container\" data-e-type=\"container\">\n\t\t<div class=\"elementor-element elementor-element-24cc296 e-con-full e-flex elementor-invisible e-con e-child\" data-id=\"24cc296\" data-element_type=\"container\" data-e-type=\"container\" data-settings=\"{&quot;animation&quot;:&quot;fadeInLeft&quot;}\">\n\t\t\t\t<div class=\"elementor-element elementor-element-e75c723 elementor-view-default elementor-widget elementor-widget-icon\" data-id=\"e75c723\" data-element_type=\"widget\" data-e-type=\"widget\" data-widget_type=\"icon.default\">\n\t\t\t\t<div class=\"elementor-widget-container\">\n\t\t\t\t\t\t\t<div class=\"elementor-icon-wrapper\">\n\t\t\t<div class=\"elementor-icon\">\n\t\t\t<i aria-hidden=\"true\" class=\"fas fa-star\"><\/i>\t\t\t<\/div>\n\t\t<\/div>\n\t\t\t\t\t\t<\/div>\n\t\t\t\t<\/div>\n\t\t\t\t<\/div>\n\t\t<div class=\"elementor-element elementor-element-ad8fe80 e-con-full e-flex e-con e-child\" data-id=\"ad8fe80\" data-element_type=\"container\" data-e-type=\"container\">\n\t\t\t\t<div class=\"elementor-element elementor-element-3904820 text-underlined elementor-widget elementor-widget-heading\" data-id=\"3904820\" data-element_type=\"widget\" data-e-type=\"widget\" data-widget_type=\"heading.default\">\n\t\t\t\t<div class=\"elementor-widget-container\">\n\t\t\t\t\t<h3 class=\"elementor-heading-title elementor-size-default\"><br>Unsere L\u00f6sungen<\/h3>\t\t\t\t<\/div>\n\t\t\t\t<\/div>\n\t\t\t\t<\/div>\n\t\t\t\t<\/div>\n\t\t<div class=\"elementor-element elementor-element-15a4059 e-flex e-con-boxed e-con e-child\" data-id=\"15a4059\" data-element_type=\"container\" data-e-type=\"container\" data-settings=\"{&quot;background_background&quot;:&quot;classic&quot;}\">\n\t\t\t\t\t<div class=\"e-con-inner\">\n\t\t\t\t<div class=\"elementor-element elementor-element-beacb24 elementor-widget elementor-widget-text-editor\" data-id=\"beacb24\" data-element_type=\"widget\" data-e-type=\"widget\" data-widget_type=\"text-editor.default\">\n\t\t\t\t<div class=\"elementor-widget-container\">\n\t\t\t\t\t\t\t\t\t<p data-start=\"159\" data-end=\"489\">In Zeiten steigender Anforderungen im Maschinen- und Anlagenbau sind hochqualifizierte, flexible und reisebereite Fachkr\u00e4fte unerl\u00e4sslich. <br><br><b>BM-TECH<\/b> bietet Ihnen genau das: ein weltweit verf\u00fcgbares Team erfahrener Spezialisten, das Sie zuverl\u00e4ssig und effizient unterst\u00fctzt \u2013 direkt vor Ort, genau dann und dort, wo Sie es brauchen.<\/p>\n<p data-start=\"491\" data-end=\"793\">Unser globaler Pool an Ingenieuren erm\u00f6glicht schnelle Reaktionszeiten und ma\u00dfgeschneiderte L\u00f6sungen \u2013 von der Installation und Inbetriebnahme bis hin zur Optimierung komplexer Automatisierungssysteme.<br>Dabei garantieren wir h\u00f6chste Qualit\u00e4t, strikte Einhaltung von Zeitpl\u00e4nen und volle Kostenkontrolle.<\/p>\n<p data-start=\"795\" data-end=\"954\"><strong data-start=\"795\" data-end=\"825\">BM-TECH schlie\u00dft die L\u00fccke<\/strong> zwischen wachsendem Fachkr\u00e4ftebedarf und begrenztem Angebot \u2013 mit Kompetenz, Flexibilit\u00e4t und einem klaren Fokus auf Ihre Ziele.<\/p>\t\t\t\t\t\t\t\t<\/div>\n\t\t\t\t<\/div>\n\t\t\t\t\t<\/div>\n\t\t\t\t<\/div>\n\t\t\t\t\t<\/div>\n\t\t\t\t<\/div>\n\t\t\t\t<\/div>\n\t\t","protected":false},"excerpt":{"rendered":"<p>L\u00f6sungen mit BM-TECH! Herausforderungen im Maschinen- und Anlagenbau: Die steigenden Montage- und Inbetriebnahme-Aufw\u00e4nde belasten zunehmend den Bilanzgewinn. Projekte in Schwellenl\u00e4ndern werden durch hohe Reisekosten und zeitaufwendige Montageeins\u00e4tze mit eigenem Personal nicht mehr kostendeckend umsetzbar. In Krisengebieten gestalten sich Arbeitsprozesse aufgrund von gesetzlichen Regelungen und Personalmangel besonders herausfordernd. Unsere L\u00f6sungen In Zeiten steigender Anforderungen im Maschinen- [&hellip;]<\/p>\n","protected":false},"author":1,"featured_media":0,"parent":0,"menu_order":0,"comment_status":"closed","ping_status":"closed","template":"","meta":{"footnotes":""},"class_list":["post-13","page","type-page","status-publish","hentry"],"yoast_head":"<!-- This site is optimized with the Yoast SEO plugin v27.4 - https:\/\/yoast.com\/product\/yoast-seo-wordpress\/ -->\n<title>Unsere L\u00f6sungsans\u00e4tze - BM-TECH Group<\/title>\n<meta name=\"description\" content=\"Die Herausforderung Kosten zu reduzieren und gleichzeitig hohe Qualit\u00e4tsstandards zu gew\u00e4hrleisten l\u00f6st BM-TECH dank eines weltweiten Pools hochqualifizierter Ingenieure, die auf Werkvertragsbasis zu \u00e4u\u00dferst fairen Konditionen verf\u00fcgbar sind.\" \/>\n<meta name=\"robots\" content=\"index, follow, max-snippet:-1, max-image-preview:large, max-video-preview:-1\" \/>\n<link rel=\"canonical\" href=\"https:\/\/www.bm-tech.de\/en\/loesungen\/\" \/>\n<meta property=\"og:locale\" content=\"en_US\" \/>\n<meta property=\"og:type\" content=\"article\" \/>\n<meta property=\"og:title\" content=\"Unsere L\u00f6sungsans\u00e4tze - BM-TECH Group\" \/>\n<meta property=\"og:description\" content=\"Die Herausforderung Kosten zu reduzieren und gleichzeitig hohe Qualit\u00e4tsstandards zu gew\u00e4hrleisten l\u00f6st BM-TECH dank eines weltweiten Pools hochqualifizierter Ingenieure, die auf Werkvertragsbasis zu \u00e4u\u00dferst fairen Konditionen verf\u00fcgbar sind.\" \/>\n<meta property=\"og:url\" content=\"https:\/\/www.bm-tech.de\/en\/loesungen\/\" \/>\n<meta property=\"og:site_name\" content=\"BM-TECH Group\" \/>\n<meta property=\"article:modified_time\" content=\"2025-07-23T07:21:49+00:00\" \/>\n<meta name=\"twitter:card\" content=\"summary_large_image\" \/>\n<meta name=\"twitter:label1\" content=\"Est. reading time\" \/>\n\t<meta name=\"twitter:data1\" content=\"1 minute\" \/>\n<script type=\"application\/ld+json\" class=\"yoast-schema-graph\">{\"@context\":\"https:\\\/\\\/schema.org\",\"@graph\":[{\"@type\":\"WebPage\",\"@id\":\"https:\\\/\\\/www.bm-tech.de\\\/loesungen\\\/\",\"url\":\"https:\\\/\\\/www.bm-tech.de\\\/loesungen\\\/\",\"name\":\"Unsere L\u00f6sungsans\u00e4tze - BM-TECH Group\",\"isPartOf\":{\"@id\":\"https:\\\/\\\/www.bm-tech.de\\\/#website\"},\"datePublished\":\"2023-06-28T16:54:10+00:00\",\"dateModified\":\"2025-07-23T07:21:49+00:00\",\"description\":\"Die Herausforderung Kosten zu reduzieren und gleichzeitig hohe Qualit\u00e4tsstandards zu gew\u00e4hrleisten l\u00f6st BM-TECH dank eines weltweiten Pools hochqualifizierter Ingenieure, die auf Werkvertragsbasis zu \u00e4u\u00dferst fairen Konditionen verf\u00fcgbar sind.\",\"breadcrumb\":{\"@id\":\"https:\\\/\\\/www.bm-tech.de\\\/loesungen\\\/#breadcrumb\"},\"inLanguage\":\"en-US\",\"potentialAction\":[{\"@type\":\"ReadAction\",\"target\":[\"https:\\\/\\\/www.bm-tech.de\\\/loesungen\\\/\"]}]},{\"@type\":\"BreadcrumbList\",\"@id\":\"https:\\\/\\\/www.bm-tech.de\\\/loesungen\\\/#breadcrumb\",\"itemListElement\":[{\"@type\":\"ListItem\",\"position\":1,\"name\":\"Startseite\",\"item\":\"https:\\\/\\\/www.bm-tech.de\\\/\"},{\"@type\":\"ListItem\",\"position\":2,\"name\":\"L\u00f6sungen\"}]},{\"@type\":\"WebSite\",\"@id\":\"https:\\\/\\\/www.bm-tech.de\\\/#website\",\"url\":\"https:\\\/\\\/www.bm-tech.de\\\/\",\"name\":\"BM-TECH GmbH - Herausragende Projektl\u00f6sungen auf globaler Ebene\",\"description\":\"Your competent partner for project solutions at the highest level\",\"publisher\":{\"@id\":\"https:\\\/\\\/www.bm-tech.de\\\/#organization\"},\"potentialAction\":[{\"@type\":\"SearchAction\",\"target\":{\"@type\":\"EntryPoint\",\"urlTemplate\":\"https:\\\/\\\/www.bm-tech.de\\\/?s={search_term_string}\"},\"query-input\":{\"@type\":\"PropertyValueSpecification\",\"valueRequired\":true,\"valueName\":\"search_term_string\"}}],\"inLanguage\":\"en-US\"},{\"@type\":\"Organization\",\"@id\":\"https:\\\/\\\/www.bm-tech.de\\\/#organization\",\"name\":\"BM-TECH GmbH\",\"url\":\"https:\\\/\\\/www.bm-tech.de\\\/\",\"logo\":{\"@type\":\"ImageObject\",\"inLanguage\":\"en-US\",\"@id\":\"https:\\\/\\\/www.bm-tech.de\\\/#\\\/schema\\\/logo\\\/image\\\/\",\"url\":\"https:\\\/\\\/www.bm-tech.de\\\/wp-content\\\/uploads\\\/2023\\\/06\\\/logo_bm-tech-group.png\",\"contentUrl\":\"https:\\\/\\\/www.bm-tech.de\\\/wp-content\\\/uploads\\\/2023\\\/06\\\/logo_bm-tech-group.png\",\"width\":662,\"height\":268,\"caption\":\"BM-TECH GmbH\"},\"image\":{\"@id\":\"https:\\\/\\\/www.bm-tech.de\\\/#\\\/schema\\\/logo\\\/image\\\/\"}}]}<\/script>\n<!-- \/ Yoast SEO plugin. -->","yoast_head_json":{"title":"Unsere L\u00f6sungsans\u00e4tze - BM-TECH Group","description":"Die Herausforderung Kosten zu reduzieren und gleichzeitig hohe Qualit\u00e4tsstandards zu gew\u00e4hrleisten l\u00f6st BM-TECH dank eines weltweiten Pools hochqualifizierter Ingenieure, die auf Werkvertragsbasis zu \u00e4u\u00dferst fairen Konditionen verf\u00fcgbar sind.","robots":{"index":"index","follow":"follow","max-snippet":"max-snippet:-1","max-image-preview":"max-image-preview:large","max-video-preview":"max-video-preview:-1"},"canonical":"https:\/\/www.bm-tech.de\/en\/loesungen\/","og_locale":"en_US","og_type":"article","og_title":"Unsere L\u00f6sungsans\u00e4tze - BM-TECH Group","og_description":"Die Herausforderung Kosten zu reduzieren und gleichzeitig hohe Qualit\u00e4tsstandards zu gew\u00e4hrleisten l\u00f6st BM-TECH dank eines weltweiten Pools hochqualifizierter Ingenieure, die auf Werkvertragsbasis zu \u00e4u\u00dferst fairen Konditionen verf\u00fcgbar sind.","og_url":"https:\/\/www.bm-tech.de\/en\/loesungen\/","og_site_name":"BM-TECH Group","article_modified_time":"2025-07-23T07:21:49+00:00","twitter_card":"summary_large_image","twitter_misc":{"Est. reading time":"1 minute"},"schema":{"@context":"https:\/\/schema.org","@graph":[{"@type":"WebPage","@id":"https:\/\/www.bm-tech.de\/loesungen\/","url":"https:\/\/www.bm-tech.de\/loesungen\/","name":"Unsere L\u00f6sungsans\u00e4tze - BM-TECH Group","isPartOf":{"@id":"https:\/\/www.bm-tech.de\/#website"},"datePublished":"2023-06-28T16:54:10+00:00","dateModified":"2025-07-23T07:21:49+00:00","description":"Die Herausforderung Kosten zu reduzieren und gleichzeitig hohe Qualit\u00e4tsstandards zu gew\u00e4hrleisten l\u00f6st BM-TECH dank eines weltweiten Pools hochqualifizierter Ingenieure, die auf Werkvertragsbasis zu \u00e4u\u00dferst fairen Konditionen verf\u00fcgbar sind.","breadcrumb":{"@id":"https:\/\/www.bm-tech.de\/loesungen\/#breadcrumb"},"inLanguage":"en-US","potentialAction":[{"@type":"ReadAction","target":["https:\/\/www.bm-tech.de\/loesungen\/"]}]},{"@type":"BreadcrumbList","@id":"https:\/\/www.bm-tech.de\/loesungen\/#breadcrumb","itemListElement":[{"@type":"ListItem","position":1,"name":"Startseite","item":"https:\/\/www.bm-tech.de\/"},{"@type":"ListItem","position":2,"name":"L\u00f6sungen"}]},{"@type":"WebSite","@id":"https:\/\/www.bm-tech.de\/#website","url":"https:\/\/www.bm-tech.de\/","name":"BM-TECH GmbH - Herausragende Projektl\u00f6sungen auf globaler Ebene","description":"Your competent partner for project solutions at the highest level","publisher":{"@id":"https:\/\/www.bm-tech.de\/#organization"},"potentialAction":[{"@type":"SearchAction","target":{"@type":"EntryPoint","urlTemplate":"https:\/\/www.bm-tech.de\/?s={search_term_string}"},"query-input":{"@type":"PropertyValueSpecification","valueRequired":true,"valueName":"search_term_string"}}],"inLanguage":"en-US"},{"@type":"Organization","@id":"https:\/\/www.bm-tech.de\/#organization","name":"BM-TECH GmbH","url":"https:\/\/www.bm-tech.de\/","logo":{"@type":"ImageObject","inLanguage":"en-US","@id":"https:\/\/www.bm-tech.de\/#\/schema\/logo\/image\/","url":"https:\/\/www.bm-tech.de\/wp-content\/uploads\/2023\/06\/logo_bm-tech-group.png","contentUrl":"https:\/\/www.bm-tech.de\/wp-content\/uploads\/2023\/06\/logo_bm-tech-group.png","width":662,"height":268,"caption":"BM-TECH GmbH"},"image":{"@id":"https:\/\/www.bm-tech.de\/#\/schema\/logo\/image\/"}}]}},"_links":{"self":[{"href":"https:\/\/www.bm-tech.de\/en\/wp-json\/wp\/v2\/pages\/13","targetHints":{"allow":["GET"]}}],"collection":[{"href":"https:\/\/www.bm-tech.de\/en\/wp-json\/wp\/v2\/pages"}],"about":[{"href":"https:\/\/www.bm-tech.de\/en\/wp-json\/wp\/v2\/types\/page"}],"author":[{"embeddable":true,"href":"https:\/\/www.bm-tech.de\/en\/wp-json\/wp\/v2\/users\/1"}],"replies":[{"embeddable":true,"href":"https:\/\/www.bm-tech.de\/en\/wp-json\/wp\/v2\/comments?post=13"}],"version-history":[{"count":81,"href":"https:\/\/www.bm-tech.de\/en\/wp-json\/wp\/v2\/pages\/13\/revisions"}],"predecessor-version":[{"id":1249,"href":"https:\/\/www.bm-tech.de\/en\/wp-json\/wp\/v2\/pages\/13\/revisions\/1249"}],"wp:attachment":[{"href":"https:\/\/www.bm-tech.de\/en\/wp-json\/wp\/v2\/media?parent=13"}],"curies":[{"name":"wp","href":"https:\/\/api.w.org\/{rel}","templated":true}]}}